{"id":50,"date":"2024-01-20T01:02:47","date_gmt":"2024-01-20T01:02:47","guid":{"rendered":"https:\/\/digitalspace.net\/blog\/easyhosting-blog\/"},"modified":"2024-01-24T19:15:40","modified_gmt":"2024-01-24T19:15:40","slug":"easyhosting-blog","status":"publish","type":"page","link":"https:\/\/digitalspace.net\/blog\/fr\/","title":{"rendered":"DigitalSpace Blog"},"content":{"rendered":"<p class=\"home-intro\">Nous permettons \u00e0 toutes les petites entreprises canadiennes de se connecter, de se faire remarquer et d&rsquo;accro\u00eetre leur pr\u00e9sence num\u00e9rique.<\/p>\n<p class=\"home-intro\">Notre blog est l\u00e0 pour renforcer cette incitation et vous permettre de prendre en charge votre propre startup d\u00e8s que possible, en utilisant le mod\u00e8le commercial \u00e0 guichet unique d&rsquo;DigitalSpace.<\/p>\n<p class=\"home-intro\">Avec un large \u00e9ventail de sujets entourant nos services d&rsquo;h\u00e9bergement Web, la conception de sites Web, le marketing, les e-mails, les conseils et tout le reste, vous pouvez utiliser nos connaissances gratuites pour optimiser vos op\u00e9rations commerciales et les faire fonctionner comme une machine bien huil\u00e9e.<\/p>\n<p>&nbsp;<\/p>\n<hr style='background-color:#D52027; border-width:0; color:#D52027; height:120px; line-height:0; text-align:center; width:100%;'\/>\n","protected":false},"excerpt":{"rendered":"<p>Nous permettons \u00e0 toutes les petites entreprises canadiennes de se connecter, de se faire remarquer et d&rsquo;accro\u00eetre leur pr\u00e9sence num\u00e9rique. Notre blog est l\u00e0 pour renforcer cette incitation et vous permettre de prendre en charge votre propre startup d\u00e8s que possible, en utilisant le mod\u00e8le commercial \u00e0 guichet unique d&rsquo;DigitalSpace. Avec un large \u00e9ventail de&hellip; <a class=\"more-link\" href=\"https:\/\/digitalspace.net\/blog\/fr\/\">Poursuivre la lecture <span class=\"screen-reader-text\">DigitalSpace Blog<\/span><\/a><\/p>\n","protected":false},"author":5,"featured_media":1979,"parent":0,"menu_order":0,"comment_status":"closed","ping_status":"closed","template":"home-page-template.php","meta":{"_acf_changed":false,"footnotes":""},"class_list":["post-50","page","type-page","status-publish","has-post-thumbnail","hentry","entry"],"acf":[],"yoast_head":"<!-- This site is optimized with the Yoast SEO plugin v27.4 - https:\/\/yoast.com\/product\/yoast-seo-wordpress\/ -->\n<title>DigitalSpace Blog - DigitalSpace Blog<\/title>\n<meta name=\"robots\" content=\"index, follow, max-snippet:-1, max-image-preview:large, max-video-preview:-1\" \/>\n<link rel=\"canonical\" href=\"https:\/\/digitalspace.net\/blog\/fr\/\" \/>\n<meta property=\"og:locale\" content=\"fr_FR\" \/>\n<meta property=\"og:type\" content=\"article\" \/>\n<meta property=\"og:title\" content=\"DigitalSpace Blog - DigitalSpace Blog\" \/>\n<meta property=\"og:description\" content=\"Nous permettons \u00e0 toutes les petites entreprises canadiennes de se connecter, de se faire remarquer et d&rsquo;accro\u00eetre leur pr\u00e9sence num\u00e9rique. Notre blog est l\u00e0 pour renforcer cette incitation et vous permettre de prendre en charge votre propre startup d\u00e8s que possible, en utilisant le mod\u00e8le commercial \u00e0 guichet unique d&rsquo;DigitalSpace. Avec un large \u00e9ventail de&hellip; Poursuivre la lecture DigitalSpace Blog\" \/>\n<meta property=\"og:url\" content=\"https:\/\/digitalspace.net\/blog\/fr\/\" \/>\n<meta property=\"og:site_name\" content=\"DigitalSpace Blog\" \/>\n<meta property=\"article:modified_time\" content=\"2024-01-24T19:15:40+00:00\" \/>\n<meta name=\"twitter:card\" content=\"summary_large_image\" \/>\n<meta name=\"twitter:label1\" content=\"Dur\u00e9e de lecture estim\u00e9e\" \/>\n\t<meta name=\"twitter:data1\" content=\"1 minute\" \/>\n<script type=\"application\/ld+json\" class=\"yoast-schema-graph\">{\"@context\":\"https:\\\/\\\/schema.org\",\"@graph\":[{\"@type\":\"WebPage\",\"@id\":\"https:\\\/\\\/digitalspace.net\\\/blog\\\/fr\\\/\",\"url\":\"https:\\\/\\\/digitalspace.net\\\/blog\\\/fr\\\/\",\"name\":\"DigitalSpace Blog - DigitalSpace Blog\",\"isPartOf\":{\"@id\":\"https:\\\/\\\/digitalspace.net\\\/blog\\\/fr\\\/#website\"},\"primaryImageOfPage\":{\"@id\":\"https:\\\/\\\/digitalspace.net\\\/blog\\\/fr\\\/#primaryimage\"},\"image\":{\"@id\":\"https:\\\/\\\/digitalspace.net\\\/blog\\\/fr\\\/#primaryimage\"},\"thumbnailUrl\":\"https:\\\/\\\/digitalspace.net\\\/blog\\\/wp-content\\\/uploads\\\/2024\\\/10\\\/home-featured-1200-600.jpg?wsr\",\"datePublished\":\"2024-01-20T01:02:47+00:00\",\"dateModified\":\"2024-01-24T19:15:40+00:00\",\"breadcrumb\":{\"@id\":\"https:\\\/\\\/digitalspace.net\\\/blog\\\/fr\\\/#breadcrumb\"},\"inLanguage\":\"fr-FR\",\"potentialAction\":[{\"@type\":\"ReadAction\",\"target\":[\"https:\\\/\\\/digitalspace.net\\\/blog\\\/fr\\\/\"]}]},{\"@type\":\"ImageObject\",\"inLanguage\":\"fr-FR\",\"@id\":\"https:\\\/\\\/digitalspace.net\\\/blog\\\/fr\\\/#primaryimage\",\"url\":\"https:\\\/\\\/digitalspace.net\\\/blog\\\/wp-content\\\/uploads\\\/2024\\\/10\\\/home-featured-1200-600.jpg?wsr\",\"contentUrl\":\"https:\\\/\\\/digitalspace.net\\\/blog\\\/wp-content\\\/uploads\\\/2024\\\/10\\\/home-featured-1200-600.jpg?wsr\",\"width\":1200,\"height\":600,\"caption\":\"DigitalSpace Blog Home\"},{\"@type\":\"BreadcrumbList\",\"@id\":\"https:\\\/\\\/digitalspace.net\\\/blog\\\/fr\\\/#breadcrumb\",\"itemListElement\":[{\"@type\":\"ListItem\",\"position\":1,\"name\":\"Home\",\"item\":\"https:\\\/\\\/digitalspace.net\\\/blog\\\/fr\\\/\"},{\"@type\":\"ListItem\",\"position\":2,\"name\":\"DigitalSpace Blog\"}]},{\"@type\":\"WebSite\",\"@id\":\"https:\\\/\\\/digitalspace.net\\\/blog\\\/fr\\\/#website\",\"url\":\"https:\\\/\\\/digitalspace.net\\\/blog\\\/fr\\\/\",\"name\":\"DigitalSpace Blog\",\"description\":\"Hosting and Website Management\",\"potentialAction\":[{\"@type\":\"SearchAction\",\"target\":{\"@type\":\"EntryPoint\",\"urlTemplate\":\"https:\\\/\\\/digitalspace.net\\\/blog\\\/fr\\\/?s={search_term_string}\"},\"query-input\":{\"@type\":\"PropertyValueSpecification\",\"valueRequired\":true,\"valueName\":\"search_term_string\"}}],\"inLanguage\":\"fr-FR\"}]}<\/script>\n<!-- \/ Yoast SEO plugin. -->","yoast_head_json":{"title":"DigitalSpace Blog - DigitalSpace Blog","robots":{"index":"index","follow":"follow","max-snippet":"max-snippet:-1","max-image-preview":"max-image-preview:large","max-video-preview":"max-video-preview:-1"},"canonical":"https:\/\/digitalspace.net\/blog\/fr\/","og_locale":"fr_FR","og_type":"article","og_title":"DigitalSpace Blog - DigitalSpace Blog","og_description":"Nous permettons \u00e0 toutes les petites entreprises canadiennes de se connecter, de se faire remarquer et d&rsquo;accro\u00eetre leur pr\u00e9sence num\u00e9rique. Notre blog est l\u00e0 pour renforcer cette incitation et vous permettre de prendre en charge votre propre startup d\u00e8s que possible, en utilisant le mod\u00e8le commercial \u00e0 guichet unique d&rsquo;DigitalSpace. Avec un large \u00e9ventail de&hellip; Poursuivre la lecture DigitalSpace Blog","og_url":"https:\/\/digitalspace.net\/blog\/fr\/","og_site_name":"DigitalSpace Blog","article_modified_time":"2024-01-24T19:15:40+00:00","twitter_card":"summary_large_image","twitter_misc":{"Dur\u00e9e de lecture estim\u00e9e":"1 minute"},"schema":{"@context":"https:\/\/schema.org","@graph":[{"@type":"WebPage","@id":"https:\/\/digitalspace.net\/blog\/fr\/","url":"https:\/\/digitalspace.net\/blog\/fr\/","name":"DigitalSpace Blog - DigitalSpace Blog","isPartOf":{"@id":"https:\/\/digitalspace.net\/blog\/fr\/#website"},"primaryImageOfPage":{"@id":"https:\/\/digitalspace.net\/blog\/fr\/#primaryimage"},"image":{"@id":"https:\/\/digitalspace.net\/blog\/fr\/#primaryimage"},"thumbnailUrl":"https:\/\/digitalspace.net\/blog\/wp-content\/uploads\/2024\/10\/home-featured-1200-600.jpg?wsr","datePublished":"2024-01-20T01:02:47+00:00","dateModified":"2024-01-24T19:15:40+00:00","breadcrumb":{"@id":"https:\/\/digitalspace.net\/blog\/fr\/#breadcrumb"},"inLanguage":"fr-FR","potentialAction":[{"@type":"ReadAction","target":["https:\/\/digitalspace.net\/blog\/fr\/"]}]},{"@type":"ImageObject","inLanguage":"fr-FR","@id":"https:\/\/digitalspace.net\/blog\/fr\/#primaryimage","url":"https:\/\/digitalspace.net\/blog\/wp-content\/uploads\/2024\/10\/home-featured-1200-600.jpg?wsr","contentUrl":"https:\/\/digitalspace.net\/blog\/wp-content\/uploads\/2024\/10\/home-featured-1200-600.jpg?wsr","width":1200,"height":600,"caption":"DigitalSpace Blog Home"},{"@type":"BreadcrumbList","@id":"https:\/\/digitalspace.net\/blog\/fr\/#breadcrumb","itemListElement":[{"@type":"ListItem","position":1,"name":"Home","item":"https:\/\/digitalspace.net\/blog\/fr\/"},{"@type":"ListItem","position":2,"name":"DigitalSpace Blog"}]},{"@type":"WebSite","@id":"https:\/\/digitalspace.net\/blog\/fr\/#website","url":"https:\/\/digitalspace.net\/blog\/fr\/","name":"DigitalSpace Blog","description":"Hosting and Website Management","potentialAction":[{"@type":"SearchAction","target":{"@type":"EntryPoint","urlTemplate":"https:\/\/digitalspace.net\/blog\/fr\/?s={search_term_string}"},"query-input":{"@type":"PropertyValueSpecification","valueRequired":true,"valueName":"search_term_string"}}],"inLanguage":"fr-FR"}]}},"_links":{"self":[{"href":"https:\/\/digitalspace.net\/blog\/fr\/wp-json\/wp\/v2\/pages\/50","targetHints":{"allow":["GET"]}}],"collection":[{"href":"https:\/\/digitalspace.net\/blog\/fr\/wp-json\/wp\/v2\/pages"}],"about":[{"href":"https:\/\/digitalspace.net\/blog\/fr\/wp-json\/wp\/v2\/types\/page"}],"author":[{"embeddable":true,"href":"https:\/\/digitalspace.net\/blog\/fr\/wp-json\/wp\/v2\/users\/5"}],"replies":[{"embeddable":true,"href":"https:\/\/digitalspace.net\/blog\/fr\/wp-json\/wp\/v2\/comments?post=50"}],"version-history":[{"count":20,"href":"https:\/\/digitalspace.net\/blog\/fr\/wp-json\/wp\/v2\/pages\/50\/revisions"}],"predecessor-version":[{"id":132,"href":"https:\/\/digitalspace.net\/blog\/fr\/wp-json\/wp\/v2\/pages\/50\/revisions\/132"}],"wp:featuredmedia":[{"embeddable":true,"href":"https:\/\/digitalspace.net\/blog\/fr\/wp-json\/wp\/v2\/media\/1979"}],"wp:attachment":[{"href":"https:\/\/digitalspace.net\/blog\/fr\/wp-json\/wp\/v2\/media?parent=50"}],"curies":[{"name":"wp","href":"https:\/\/api.w.org\/{rel}","templated":true}]}}